{"id":3628,"date":"2023-11-26T17:26:52","date_gmt":"2023-11-26T17:26:52","guid":{"rendered":"https:\/\/dev.richardsapartments.com\/inicio\/"},"modified":"2024-08-27T17:17:37","modified_gmt":"2024-08-27T17:17:37","slug":"inicio","status":"publish","type":"page","link":"https:\/\/richardsapartments.com\/es\/","title":{"rendered":"Inicio"},"content":{"rendered":"<p>[et_pb_section fb_built=\u00bb1&#8243; fullwidth=\u00bbon\u00bb disabled_on=\u00bbon|on|off\u00bb admin_label=\u00bbDesktop\u00bb _builder_version=\u00bb4.27.0&#8243; _module_preset=\u00bbdefault\u00bb global_colors_info=\u00bb{}\u00bb][et_pb_fullwidth_code _builder_version=\u00bb4.27.0&#8243; _module_preset=\u00bbdefault\u00bb global_colors_info=\u00bb{}\u00bb]\t\t<div id=\"maps-marker-pro-7bbb1547\" class=\"maps-marker-pro mmp-list-left\" style=\"width: 100%;\">\n\t\t\t<div id=\"mmp-map-wrap-7bbb1547\" class=\"mmp-map-wrap\">\n\t\t\t\t\t\t\t\t\t<div id=\"mmp-panel-7bbb1547\" class=\"mmp-panel\"><\/div>\n\t\t\t\t\t\t\t\t<div id=\"mmp-map-7bbb1547\" class=\"mmp-map\" style=\"height: 600px;\"><\/div>\n\t\t\t\t\t\t\t<\/div>\n\t\t\t\t\t\t\t<div id=\"mmp-list-7bbb1547\" class=\"mmp-list\" style=\"flex-basis: 300px;\"><\/div>\n\t\t\t\t\t<\/div>\n\t\t[\/et_pb_fullwidth_code][\/et_pb_section][et_pb_section fb_built=\u00bb1&#8243; fullwidth=\u00bbon\u00bb disabled_on=\u00bboff|off|on\u00bb admin_label=\u00bbMobile\u00bb _builder_version=\u00bb4.27.0&#8243; _module_preset=\u00bbdefault\u00bb global_colors_info=\u00bb{}\u00bb][et_pb_fullwidth_code _builder_version=\u00bb4.27.0&#8243; _module_preset=\u00bbdefault\u00bb global_colors_info=\u00bb{}\u00bb]\t\t<div id=\"maps-marker-pro-dee3894f\" class=\"maps-marker-pro\" style=\"width: 100%;\">\n\t\t\t<div id=\"mmp-map-wrap-dee3894f\" class=\"mmp-map-wrap\">\n\t\t\t\t\t\t\t\t\t<div id=\"mmp-panel-dee3894f\" class=\"mmp-panel\"><\/div>\n\t\t\t\t\t\t\t\t<div id=\"mmp-map-dee3894f\" class=\"mmp-map\" style=\"height: 600px;\"><\/div>\n\t\t\t\t\t\t\t<\/div>\n\t\t\t\t\t<\/div>\n\t\t[\/et_pb_fullwidth_code][\/et_pb_section][et_pb_section fb_built=\u00bb1&#8243; _builder_version=\u00bb4.24.0&#8243; _module_preset=\u00bbdefault\u00bb custom_margin=\u00bb0px||||false|false\u00bb custom_margin_tablet=\u00bb-30px||||false|false\u00bb custom_margin_phone=\u00bb-30px||||false|false\u00bb custom_margin_last_edited=\u00bbon|phone\u00bb custom_padding=\u00bb||||false|false\u00bb border_style_top=\u00bbdashed\u00bb global_colors_info=\u00bb{}\u00bb][et_pb_row _builder_version=\u00bb4.24.0&#8243; _module_preset=\u00bbdefault\u00bb transform_scale_tablet=\u00bb\u00bb transform_scale_phone=\u00bb\u00bb transform_scale_last_edited=\u00bbon|tablet\u00bb transform_translate_tablet=\u00bb\u00bb transform_translate_phone=\u00bb0px|0px\u00bb transform_translate_last_edited=\u00bbon|desktop\u00bb transform_translate_linked=\u00bboff\u00bb transform_rotate_tablet=\u00bb\u00bb transform_rotate_phone=\u00bb\u00bb transform_rotate_last_edited=\u00bbon|tablet\u00bb transform_skew_tablet=\u00bb\u00bb transform_skew_phone=\u00bb\u00bb transform_skew_last_edited=\u00bbon|tablet\u00bb transform_origin_tablet=\u00bb\u00bb transform_origin_phone=\u00bb\u00bb transform_origin_last_edited=\u00bbon|tablet\u00bb transform_styles_last_edited=\u00bbon|desktop\u00bb min_height_tablet=\u00bb\u00bb min_height_phone=\u00bb\u00bb min_height_last_edited=\u00bbon|phone\u00bb custom_margin_tablet=\u00bb\u00bb custom_margin_phone=\u00bb\u00bb custom_margin_last_edited=\u00bbon|desktop\u00bb transform_styles_tablet=\u00bb\u00bb transform_styles_phone=\u00bb\u00bb global_colors_info=\u00bb{}\u00bb][et_pb_column type=\u00bb4_4&#8243; _builder_version=\u00bb4.23.1&#8243; _module_preset=\u00bbdefault\u00bb global_colors_info=\u00bb{}\u00bb][et_pb_text _builder_version=\u00bb4.26.0&#8243; _module_preset=\u00bbdefault\u00bb text_font=\u00bbABeeZee||||||||\u00bb header_font=\u00bbABeeZee||||||||\u00bb custom_margin_tablet=\u00bb0px||0px||false|false\u00bb custom_margin_phone=\u00bb0px||0px||false|false\u00bb custom_margin_last_edited=\u00bbon|desktop\u00bb custom_padding_tablet=\u00bb\u00bb custom_padding_phone=\u00bb0px||||false|false\u00bb custom_padding_last_edited=\u00bbon|phone\u00bb animation_style=\u00bbfade\u00bb animation_direction=\u00bbleft\u00bb animation_duration=\u00bb1800ms\u00bb animation_delay=\u00bb200ms\u00bb global_colors_info=\u00bb{}\u00bb]<\/p>\n<h2 class=\"section-title wow fadeInDown animated\" style=\"text-align: center;\"><strong>Localizaciones<\/strong><\/h2>\n<p><img loading=\"lazy\" decoding=\"async\" src=\"\/wp-content\/uploads\/2023\/11\/seprator.png\" width=\"200\" height=\"25\" alt=\"\" class=\"wp-image-47 alignnone size-full\" style=\"display: block; margin-left: auto; margin-right: auto;\"><\/p>\n<div class=\"row\">\n<div class=\"col-md-12 text-center\">\n<p class=\"section-desc wow fadeInUp animated\" style=\"text-align: center;\"><em>Donde ofrecemos alquiler mensual a largo plazo<\/em><\/p>\n<\/div>\n<\/div>\n<p>[\/et_pb_text][\/et_pb_column][\/et_pb_row][et_pb_row _builder_version=\u00bb4.24.0&#8243; _module_preset=\u00bbdefault\u00bb custom_margin=\u00bb60px||||false|false\u00bb custom_margin_tablet=\u00bb50px||||false|false\u00bb custom_margin_phone=\u00bb50px||||false|false\u00bb custom_margin_last_edited=\u00bbon|desktop\u00bb custom_padding=\u00bb0px||20px||false|false\u00bb global_colors_info=\u00bb{}\u00bb][et_pb_column type=\u00bb4_4&#8243; _builder_version=\u00bb4.23.1&#8243; _module_preset=\u00bbdefault\u00bb global_colors_info=\u00bb{}\u00bb][et_pb_blog posts_number=\u00bb8&#8243; include_categories=\u00bb7&#8243; use_manual_excerpt=\u00bboff\u00bb use_overlay=\u00bbon\u00bb overlay_icon_color=\u00bb#FFFFFF\u00bb hover_overlay_color=\u00bbrgba(255,255,255,0.3)\u00bb hover_icon=\u00bbU||divi||400&#8243; masonry_tile_background_color=\u00bbrgba(255,255,255,0.75)\u00bb module_class=\u00bbgt-blog\u00bb _builder_version=\u00bb4.26.1&#8243; _module_preset=\u00bbd8046350-a019-49e9-a97d-0b44c941a495&#8243; header_font=\u00bbABeeZee||||||||\u00bb header_text_align=\u00bbcenter\u00bb header_text_color=\u00bbrgba(127,191,1,0.75)\u00bb header_font_size=\u00bb15px\u00bb header_line_height=\u00bb0em\u00bb transform_scale=\u00bb110%|110%\u00bb width=\u00bb100%\u00bb max_width=\u00bb100%\u00bb module_alignment=\u00bbcenter\u00bb custom_margin_tablet=\u00bb\u00bb custom_margin_phone=\u00bb\u00bb custom_margin_last_edited=\u00bbon|phone\u00bb custom_padding_tablet=\u00bb\u00bb custom_padding_phone=\u00bb1px||||false|false\u00bb custom_padding_last_edited=\u00bbon|phone\u00bb animation_style=\u00bbfade\u00bb animation_delay=\u00bb500ms\u00bb link_option_url_new_window=\u00bbon\u00bb header_font_tablet=\u00bbABeeZee||||||||\u00bb header_font_phone=\u00bbABeeZee||||||||\u00bb header_font_last_edited=\u00bbon|phone\u00bb header_font_size_tablet=\u00bb14px\u00bb header_font_size_phone=\u00bb18px\u00bb header_font_size_last_edited=\u00bbon|phone\u00bb border_width_all=\u00bb8px\u00bb border_color_all=\u00bbrgba(127,191,1,0.75)\u00bb border_width_all_tablet=\u00bb6px\u00bb border_width_all_phone=\u00bb2px\u00bb border_width_all_last_edited=\u00bbon|phone\u00bb border_width_all_fullwidth=\u00bb3px\u00bb border_color_all_fullwidth=\u00bb#FFFFFF\u00bb box_shadow_style=\u00bbpreset2&#8243; box_shadow_horizontal=\u00bb4px\u00bb box_shadow_vertical=\u00bb4px\u00bb box_shadow_blur=\u00bb21px\u00bb box_shadow_spread=\u00bb-15px\u00bb box_shadow_color=\u00bb#000000&#8243; text_shadow_style=\u00bbnone\u00bb global_colors_info=\u00bb{}\u00bb box_shadow_spread__hover_enabled=\u00bbon|hover\u00bb box_shadow_spread__hover=\u00bb-7px\u00bb][\/et_pb_blog][\/et_pb_column][\/et_pb_row][\/et_pb_section][et_pb_section fb_built=\u00bb1&#8243; _builder_version=\u00bb4.23.4&#8243; _module_preset=\u00bbdefault\u00bb global_colors_info=\u00bb{}\u00bb][\/et_pb_section][et_pb_section fb_built=\u00bb1&#8243; fullwidth=\u00bbon\u00bb _builder_version=\u00bb4.24.0&#8243; _module_preset=\u00bbdefault\u00bb global_colors_info=\u00bb{}\u00bb][et_pb_fullwidth_code _builder_version=\u00bb4.24.0&#8243; _module_preset=\u00bbdefault\u00bb custom_margin=\u00bb30px||||false|false\u00bb custom_margin_tablet=\u00bb0px||||false|false\u00bb custom_margin_phone=\u00bb0px||||false|false\u00bb custom_margin_last_edited=\u00bbon|desktop\u00bb global_colors_info=\u00bb{}\u00bb][\/et_pb_fullwidth_code][et_pb_fullwidth_header title=\u00bbNo dudes en ponerte en contacto con nosotros para obtener m\u00e1s informaci\u00f3n\u00bb text_orientation=\u00bbcenter\u00bb button_one_text=\u00bbenv\u00edenos un correo electr\u00f3nico aqu\u00ed\u00bb button_one_url=\u00bb\/en\/?page_id=67&#8243; _builder_version=\u00bb4.25.1&#8243; _module_preset=\u00bbdefault\u00bb title_level=\u00bbh3&#8243; title_font=\u00bbABeeZee||||||||\u00bb title_font_size=\u00bb34px\u00bb background_color=\u00bb#7fbf01&#8243; custom_button_one=\u00bbon\u00bb button_one_text_size=\u00bb20px\u00bb button_one_border_width=\u00bb2px\u00bb button_one_font=\u00bbABeeZee||||||||\u00bb button_one_custom_padding=\u00bb0px||2px||false|false\u00bb button_one_custom_padding_tablet=\u00bb0px||2px||false|false\u00bb button_one_custom_padding_phone=\u00bb0px||2px||false|false\u00bb button_one_custom_padding_last_edited=\u00bbon|phone\u00bb title_font_size_tablet=\u00bb28px\u00bb title_font_size_phone=\u00bb20px\u00bb title_font_size_last_edited=\u00bbon|phone\u00bb button_one_text_size_tablet=\u00bb20px\u00bb button_one_text_size_phone=\u00bb14px\u00bb button_one_text_size_last_edited=\u00bbon|phone\u00bb button_one_border_width_tablet=\u00bb1px\u00bb button_one_border_width_phone=\u00bb1px\u00bb button_one_border_width_last_edited=\u00bbon|desktop\u00bb global_colors_info=\u00bb{}\u00bb][\/et_pb_fullwidth_header][\/et_pb_section][et_pb_section fb_built=\u00bb1&#8243; fullwidth=\u00bbon\u00bb _builder_version=\u00bb4.24.0&#8243; _module_preset=\u00bbdefault\u00bb background_color=\u00bb#f8f9fa\u00bb global_colors_info=\u00bb{}\u00bb][\/et_pb_section]<\/p>\n","protected":false},"excerpt":{"rendered":"<p>\t\t<div id=\"maps-marker-pro-6a2c28fc\" class=\"maps-marker-pro mmp-list-left\" style=\"width: 100%;\">\n\t\t\t<div id=\"mmp-map-wrap-6a2c28fc\" class=\"mmp-map-wrap\">\n\t\t\t\t\t\t\t\t\t<div id=\"mmp-panel-6a2c28fc\" class=\"mmp-panel\"><\/div>\n\t\t\t\t\t\t\t\t<div id=\"mmp-map-6a2c28fc\" class=\"mmp-map\" style=\"height: 600px;\"><\/div>\n\t\t\t\t\t\t\t<\/div>\n\t\t\t\t\t\t\t<div id=\"mmp-list-6a2c28fc\" class=\"mmp-list\" style=\"flex-basis: 300px;\"><\/div>\n\t\t\t\t\t<\/div>\n\t\t\t\t<div id=\"maps-marker-pro-12718dbc\" class=\"maps-marker-pro\" style=\"width: 100%;\">\n\t\t\t<div id=\"mmp-map-wrap-12718dbc\" class=\"mmp-map-wrap\">\n\t\t\t\t\t\t\t\t\t<div id=\"mmp-panel-12718dbc\" class=\"mmp-panel\"><\/div>\n\t\t\t\t\t\t\t\t<div id=\"mmp-map-12718dbc\" class=\"mmp-map\" style=\"height: 600px;\"><\/div>\n\t\t\t\t\t\t\t<\/div>\n\t\t\t\t\t<\/div>\n\t\tLocalizaciones Donde ofrecemos alquiler mensual a largo plazo<\/p>\n","protected":false},"author":1,"featured_media":0,"parent":0,"menu_order":0,"comment_status":"closed","ping_status":"closed","template":"","meta":{"_et_pb_use_builder":"on","_et_pb_old_content":"","_et_gb_content_width":"","_monsterinsights_skip_tracking":false,"_monsterinsights_sitenote_active":false,"_monsterinsights_sitenote_note":"","_monsterinsights_sitenote_category":0,"_uf_show_specific_survey":0,"_uf_disable_surveys":false,"footnotes":""},"class_list":["post-3628","page","type-page","status-publish","hentry"],"yoast_head":"<!-- This site is optimized with the Yoast SEO plugin v27.3 - https:\/\/yoast.com\/product\/yoast-seo-wordpress\/ -->\n<title>Inicio - Richard&#039;s Long Term Rental<\/title>\n<meta name=\"robots\" content=\"index, follow, max-snippet:-1, max-image-preview:large, max-video-preview:-1\" \/>\n<link rel=\"canonical\" href=\"https:\/\/richardsapartments.com\/es\/\" \/>\n<meta property=\"og:locale\" content=\"es_ES\" \/>\n<meta property=\"og:type\" content=\"article\" \/>\n<meta property=\"og:title\" content=\"Inicio - Richard&#039;s Long Term Rental\" \/>\n<meta property=\"og:description\" content=\"Localizaciones Donde ofrecemos alquiler mensual a largo plazo\" \/>\n<meta property=\"og:url\" content=\"https:\/\/richardsapartments.com\/es\/\" \/>\n<meta property=\"og:site_name\" content=\"Richard&#039;s Long Term Rental\" \/>\n<meta property=\"article:publisher\" content=\"https:\/\/www.facebook.com\/FamilyofLodgingsHollywoodFlorida\/\" \/>\n<meta property=\"article:modified_time\" content=\"2024-08-27T17:17:37+00:00\" \/>\n<meta name=\"twitter:card\" content=\"summary_large_image\" \/>\n<meta name=\"twitter:label1\" content=\"Tiempo de lectura\" \/>\n\t<meta name=\"twitter:data1\" content=\"4 minutos\" \/>\n<script type=\"application\/ld+json\" class=\"yoast-schema-graph\">{\"@context\":\"https:\\\/\\\/schema.org\",\"@graph\":[{\"@type\":\"WebPage\",\"@id\":\"https:\\\/\\\/richardsapartments.com\\\/es\\\/\",\"url\":\"https:\\\/\\\/richardsapartments.com\\\/es\\\/\",\"name\":\"Inicio - Richard&#039;s Long Term Rental\",\"isPartOf\":{\"@id\":\"https:\\\/\\\/richardsapartments.com\\\/es\\\/#website\"},\"datePublished\":\"2023-11-26T17:26:52+00:00\",\"dateModified\":\"2024-08-27T17:17:37+00:00\",\"breadcrumb\":{\"@id\":\"https:\\\/\\\/richardsapartments.com\\\/es\\\/#breadcrumb\"},\"inLanguage\":\"es\",\"potentialAction\":[{\"@type\":\"ReadAction\",\"target\":[\"https:\\\/\\\/richardsapartments.com\\\/es\\\/\"]}]},{\"@type\":\"BreadcrumbList\",\"@id\":\"https:\\\/\\\/richardsapartments.com\\\/es\\\/#breadcrumb\",\"itemListElement\":[{\"@type\":\"ListItem\",\"position\":1,\"name\":\"Home\",\"item\":\"https:\\\/\\\/richardsapartments.com\\\/es\\\/\"},{\"@type\":\"ListItem\",\"position\":2,\"name\":\"Inicio\"}]},{\"@type\":\"WebSite\",\"@id\":\"https:\\\/\\\/richardsapartments.com\\\/es\\\/#website\",\"url\":\"https:\\\/\\\/richardsapartments.com\\\/es\\\/\",\"name\":\"Richard's Motel Extended Stay\",\"description\":\"\",\"publisher\":{\"@id\":\"https:\\\/\\\/richardsapartments.com\\\/es\\\/#organization\"},\"potentialAction\":[{\"@type\":\"SearchAction\",\"target\":{\"@type\":\"EntryPoint\",\"urlTemplate\":\"https:\\\/\\\/richardsapartments.com\\\/es\\\/?s={search_term_string}\"},\"query-input\":{\"@type\":\"PropertyValueSpecification\",\"valueRequired\":true,\"valueName\":\"search_term_string\"}}],\"inLanguage\":\"es\"},{\"@type\":\"Organization\",\"@id\":\"https:\\\/\\\/richardsapartments.com\\\/es\\\/#organization\",\"name\":\"Richard's Motel Extended Stay\",\"url\":\"https:\\\/\\\/richardsapartments.com\\\/es\\\/\",\"logo\":{\"@type\":\"ImageObject\",\"inLanguage\":\"es\",\"@id\":\"https:\\\/\\\/richardsapartments.com\\\/es\\\/#\\\/schema\\\/logo\\\/image\\\/\",\"url\":\"https:\\\/\\\/richardsmotelextendedstay.com\\\/wp-content\\\/uploads\\\/2024\\\/05\\\/Logo-Extended-Stay-Slider.png\",\"contentUrl\":\"https:\\\/\\\/richardsmotelextendedstay.com\\\/wp-content\\\/uploads\\\/2024\\\/05\\\/Logo-Extended-Stay-Slider.png\",\"width\":300,\"height\":238,\"caption\":\"Richard's Motel Extended Stay\"},\"image\":{\"@id\":\"https:\\\/\\\/richardsapartments.com\\\/es\\\/#\\\/schema\\\/logo\\\/image\\\/\"},\"sameAs\":[\"https:\\\/\\\/www.facebook.com\\\/FamilyofLodgingsHollywoodFlorida\\\/\"]}]}<\/script>\n<!-- \/ Yoast SEO plugin. -->","yoast_head_json":{"title":"Inicio - Richard&#039;s Long Term Rental","robots":{"index":"index","follow":"follow","max-snippet":"max-snippet:-1","max-image-preview":"max-image-preview:large","max-video-preview":"max-video-preview:-1"},"canonical":"https:\/\/richardsapartments.com\/es\/","og_locale":"es_ES","og_type":"article","og_title":"Inicio - Richard&#039;s Long Term Rental","og_description":"Localizaciones Donde ofrecemos alquiler mensual a largo plazo","og_url":"https:\/\/richardsapartments.com\/es\/","og_site_name":"Richard&#039;s Long Term Rental","article_publisher":"https:\/\/www.facebook.com\/FamilyofLodgingsHollywoodFlorida\/","article_modified_time":"2024-08-27T17:17:37+00:00","twitter_card":"summary_large_image","twitter_misc":{"Tiempo de lectura":"4 minutos"},"schema":{"@context":"https:\/\/schema.org","@graph":[{"@type":"WebPage","@id":"https:\/\/richardsapartments.com\/es\/","url":"https:\/\/richardsapartments.com\/es\/","name":"Inicio - Richard&#039;s Long Term Rental","isPartOf":{"@id":"https:\/\/richardsapartments.com\/es\/#website"},"datePublished":"2023-11-26T17:26:52+00:00","dateModified":"2024-08-27T17:17:37+00:00","breadcrumb":{"@id":"https:\/\/richardsapartments.com\/es\/#breadcrumb"},"inLanguage":"es","potentialAction":[{"@type":"ReadAction","target":["https:\/\/richardsapartments.com\/es\/"]}]},{"@type":"BreadcrumbList","@id":"https:\/\/richardsapartments.com\/es\/#breadcrumb","itemListElement":[{"@type":"ListItem","position":1,"name":"Home","item":"https:\/\/richardsapartments.com\/es\/"},{"@type":"ListItem","position":2,"name":"Inicio"}]},{"@type":"WebSite","@id":"https:\/\/richardsapartments.com\/es\/#website","url":"https:\/\/richardsapartments.com\/es\/","name":"Richard's Motel Extended Stay","description":"","publisher":{"@id":"https:\/\/richardsapartments.com\/es\/#organization"},"potentialAction":[{"@type":"SearchAction","target":{"@type":"EntryPoint","urlTemplate":"https:\/\/richardsapartments.com\/es\/?s={search_term_string}"},"query-input":{"@type":"PropertyValueSpecification","valueRequired":true,"valueName":"search_term_string"}}],"inLanguage":"es"},{"@type":"Organization","@id":"https:\/\/richardsapartments.com\/es\/#organization","name":"Richard's Motel Extended Stay","url":"https:\/\/richardsapartments.com\/es\/","logo":{"@type":"ImageObject","inLanguage":"es","@id":"https:\/\/richardsapartments.com\/es\/#\/schema\/logo\/image\/","url":"https:\/\/richardsmotelextendedstay.com\/wp-content\/uploads\/2024\/05\/Logo-Extended-Stay-Slider.png","contentUrl":"https:\/\/richardsmotelextendedstay.com\/wp-content\/uploads\/2024\/05\/Logo-Extended-Stay-Slider.png","width":300,"height":238,"caption":"Richard's Motel Extended Stay"},"image":{"@id":"https:\/\/richardsapartments.com\/es\/#\/schema\/logo\/image\/"},"sameAs":["https:\/\/www.facebook.com\/FamilyofLodgingsHollywoodFlorida\/"]}]}},"_links":{"self":[{"href":"https:\/\/richardsapartments.com\/es\/wp-json\/wp\/v2\/pages\/3628","targetHints":{"allow":["GET"]}}],"collection":[{"href":"https:\/\/richardsapartments.com\/es\/wp-json\/wp\/v2\/pages"}],"about":[{"href":"https:\/\/richardsapartments.com\/es\/wp-json\/wp\/v2\/types\/page"}],"author":[{"embeddable":true,"href":"https:\/\/richardsapartments.com\/es\/wp-json\/wp\/v2\/users\/1"}],"replies":[{"embeddable":true,"href":"https:\/\/richardsapartments.com\/es\/wp-json\/wp\/v2\/comments?post=3628"}],"version-history":[{"count":9,"href":"https:\/\/richardsapartments.com\/es\/wp-json\/wp\/v2\/pages\/3628\/revisions"}],"predecessor-version":[{"id":3637,"href":"https:\/\/richardsapartments.com\/es\/wp-json\/wp\/v2\/pages\/3628\/revisions\/3637"}],"wp:attachment":[{"href":"https:\/\/richardsapartments.com\/es\/wp-json\/wp\/v2\/media?parent=3628"}],"curies":[{"name":"wp","href":"https:\/\/api.w.org\/{rel}","templated":true}]}}