{"id":3677,"date":"2024-09-02T13:01:13","date_gmt":"2024-09-02T13:01:13","guid":{"rendered":"https:\/\/dev.richardsapartments.com\/contactenos\/"},"modified":"2025-03-06T23:52:58","modified_gmt":"2025-03-06T23:52:58","slug":"contactenos","status":"publish","type":"page","link":"https:\/\/richardsapartments.com\/es\/contactenos\/","title":{"rendered":"Cont\u00e1ctenos"},"content":{"rendered":"<p>[et_pb_section fb_built=\u00bb1&#8243; _builder_version=\u00bb4.23.1&#8243; _module_preset=\u00bbdefault\u00bb locked=\u00bboff\u00bb global_colors_info=\u00bb{}\u00bb][et_pb_row _builder_version=\u00bb4.23.1&#8243; _module_preset=\u00bbdefault\u00bb global_colors_info=\u00bb{}\u00bb][et_pb_column type=\u00bb4_4&#8243; _builder_version=\u00bb4.23.1&#8243; _module_preset=\u00bbdefault\u00bb global_colors_info=\u00bb{}\u00bb][et_pb_accordion _builder_version=\u00bb4.27.0&#8243; _module_preset=\u00bbdefault\u00bb box_shadow_style=\u00bbpreset2&#8243; box_shadow_horizontal=\u00bb4px\u00bb box_shadow_vertical=\u00bb4px\u00bb box_shadow_blur=\u00bb21px\u00bb box_shadow_spread=\u00bb-15px\u00bb box_shadow_color=\u00bb#000000&#8243; global_colors_info=\u00bb{}\u00bb box_shadow_spread__hover=\u00bb-7px\u00bb box_shadow_spread__hover_enabled=\u00bbon|hover\u00bb][et_pb_accordion_item title=\u00bbNo dude en ponerse en contacto con nosotros\u00bb open=\u00bbon\u00bb _builder_version=\u00bb4.27.0&#8243; _module_preset=\u00bbdefault\u00bb body_font=\u00bbABeeZee||||||||\u00bb text_orientation=\u00bbcenter\u00bb body_font_tablet=\u00bbABeeZee||||||||\u00bb body_font_phone=\u00bbABeeZee||||||||\u00bb body_font_last_edited=\u00bbon|tablet\u00bb global_colors_info=\u00bb{}\u00bb toggle_text_color=\u00bb#7fbf01&#8243; toggle_level=\u00bbh3&#8243; toggle_font=\u00bbABeeZee||||||||\u00bb toggle_text_align=\u00bbleft\u00bb toggle_font_size_tablet=\u00bb20px\u00bb toggle_font_size_phone=\u00bb15px\u00bb toggle_font_size_last_edited=\u00bbon|phone\u00bb]<\/p>\n<p>Sede del Motel Richard&#8217;s 1219 South Federal Hwy, Hollywood 33020 FL, EE.UU.<\/p>\n<p>Ll\u00e1menos desde el extranjero:<\/p>\n<p><a href=\"tel:+19549216418\">Tel : +1-954-921-6418<\/a><br \/>Fax : +1-954-925-1797<\/p>\n<p>[\/et_pb_accordion_item][\/et_pb_accordion][et_pb_text _builder_version=\u00bb4.27.0&#8243; _module_preset=\u00bbdefault\u00bb text_font=\u00bbABeeZee||||||||\u00bb custom_margin=\u00bb30px||10px||false|false\u00bb custom_margin_tablet=\u00bb30px||10px||false|false\u00bb custom_margin_phone=\u00bb30px||8px||false|false\u00bb custom_margin_last_edited=\u00bbon|phone\u00bb custom_padding=\u00bb30px||||false|false\u00bb animation_style=\u00bbfade\u00bb animation_duration=\u00bb2000ms\u00bb locked=\u00bboff\u00bb global_colors_info=\u00bb{}\u00bb]<\/p>\n<p style=\"text-align: center;\">O env\u00edenos un mensaje <\/p>\n<p>[\/et_pb_text][et_pb_contact_form use_spam_service=\u00bbon\u00bb recaptcha_list=\u00bbRichard Apartments|Richard Apartments-0&#8243; email=\u00bbinforichardsmotel@gmail.com\u00bb success_message=\u00bb\u00a1Gracias por tenderme la mano!\u00bb submit_button_text=\u00bbEnviar\u00bb _builder_version=\u00bb4.27.4&#8243; _module_preset=\u00bbdefault\u00bb _unique_id=\u00bb8e5c9848-89fc-43c9-90b3-6f6e327d96cc\u00bb form_field_background_color=\u00bb#FFFFFF\u00bb form_field_font=\u00bbABeeZee||||||||\u00bb custom_button=\u00bbon\u00bb button_text_size=\u00bb12px\u00bb button_text_color=\u00bbrgba(0,0,0,0.7)\u00bb button_bg_color=\u00bbRGBA(255,255,255,0)\u00bb button_bg_use_color_gradient=\u00bbon\u00bb button_bg_color_gradient_direction=\u00bb270deg\u00bb button_bg_color_gradient_stops=\u00bbrgba(0,0,0,0.74) 0px|#ffffff 34px\u00bb button_bg_color_gradient_unit=\u00bbpx\u00bb button_border_width=\u00bb1px\u00bb button_border_color=\u00bbrgba(0,0,0,0.59)\u00bb button_border_radius=\u00bb0px\u00bb button_letter_spacing=\u00bb18px\u00bb button_font=\u00bbABeeZee||||||||\u00bb button_icon=\u00bb&#xf064;||fa||900&#8243; button_icon_color=\u00bb#FFFFFF\u00bb button_on_hover=\u00bboff\u00bb button_custom_margin=\u00bb|10px|||false|false\u00bb button_custom_padding=\u00bb|22px||25px|false|false\u00bb custom_padding=\u00bb||50px||false|false\u00bb animation_style=\u00bbslide\u00bb animation_direction=\u00bbright\u00bb hover_enabled=\u00bb0&#8243; button_border_radius_tablet=\u00bb0px\u00bb button_border_radius_phone=\u00bb0px\u00bb button_border_radius_last_edited=\u00bbon|tablet\u00bb border_width_all=\u00bb1px\u00bb border_style_all=\u00bbdotted\u00bb border_style_bottom=\u00bbsolid\u00bb button_text_shadow_style=\u00bbpreset1&#8243; box_shadow_style=\u00bbpreset2&#8243; box_shadow_horizontal=\u00bb4px\u00bb box_shadow_vertical=\u00bb4px\u00bb box_shadow_blur=\u00bb21px\u00bb box_shadow_spread=\u00bb-15px\u00bb box_shadow_color=\u00bb#000000&#8243; locked=\u00bboff\u00bb global_colors_info=\u00bb{}\u00bb box_shadow_spread__hover=\u00bb-50px\u00bb box_shadow_spread__hover_enabled=\u00bbon|hover\u00bb sticky_enabled=\u00bb0&#8243;][et_pb_contact_field field_id=\u00bbName\u00bb field_title=\u00bbNombre\u00bb _builder_version=\u00bb4.23.4&#8243; global_colors_info=\u00bb{}\u00bb button_text_size__hover_enabled=\u00bboff\u00bb button_one_text_size__hover_enabled=\u00bboff\u00bb button_two_text_size__hover_enabled=\u00bboff\u00bb button_text_color__hover_enabled=\u00bboff\u00bb button_one_text_color__hover_enabled=\u00bboff\u00bb button_two_text_color__hover_enabled=\u00bboff\u00bb button_border_width__hover_enabled=\u00bboff\u00bb button_one_border_width__hover_enabled=\u00bboff\u00bb button_two_border_width__hover_enabled=\u00bboff\u00bb button_border_color__hover_enabled=\u00bboff\u00bb button_one_border_color__hover_enabled=\u00bboff\u00bb button_two_border_color__hover_enabled=\u00bboff\u00bb button_border_radius__hover_enabled=\u00bboff\u00bb button_one_border_radius__hover_enabled=\u00bboff\u00bb button_two_border_radius__hover_enabled=\u00bboff\u00bb button_letter_spacing__hover_enabled=\u00bboff\u00bb button_one_letter_spacing__hover_enabled=\u00bboff\u00bb button_two_letter_spacing__hover_enabled=\u00bboff\u00bb button_bg_color__hover_enabled=\u00bboff\u00bb button_one_bg_color__hover_enabled=\u00bboff\u00bb button_two_bg_color__hover_enabled=\u00bboff\u00bb][\/et_pb_contact_field][et_pb_contact_field field_id=\u00bbEmail\u00bb field_title=\u00bbDirecci\u00f3n de correo electr\u00f3nico\u00bb field_type=\u00bbemail\u00bb _builder_version=\u00bb4.24.2&#8243; global_colors_info=\u00bb{}\u00bb button_text_size__hover_enabled=\u00bboff\u00bb button_one_text_size__hover_enabled=\u00bboff\u00bb button_two_text_size__hover_enabled=\u00bboff\u00bb button_text_color__hover_enabled=\u00bboff\u00bb button_one_text_color__hover_enabled=\u00bboff\u00bb button_two_text_color__hover_enabled=\u00bboff\u00bb button_border_width__hover_enabled=\u00bboff\u00bb button_one_border_width__hover_enabled=\u00bboff\u00bb button_two_border_width__hover_enabled=\u00bboff\u00bb button_border_color__hover_enabled=\u00bboff\u00bb button_one_border_color__hover_enabled=\u00bboff\u00bb button_two_border_color__hover_enabled=\u00bboff\u00bb button_border_radius__hover_enabled=\u00bboff\u00bb button_one_border_radius__hover_enabled=\u00bboff\u00bb button_two_border_radius__hover_enabled=\u00bboff\u00bb button_letter_spacing__hover_enabled=\u00bboff\u00bb button_one_letter_spacing__hover_enabled=\u00bboff\u00bb button_two_letter_spacing__hover_enabled=\u00bboff\u00bb button_bg_color__hover_enabled=\u00bboff\u00bb button_one_bg_color__hover_enabled=\u00bboff\u00bb button_two_bg_color__hover_enabled=\u00bboff\u00bb][\/et_pb_contact_field][et_pb_contact_field field_id=\u00bbTel\u00bb field_title=\u00bbTel\u00e9fono\u00bb min_length=\u00bb10&#8243; max_length=\u00bb12&#8243; allowed_symbols=\u00bbnumbers\u00bb required_mark=\u00bboff\u00bb _builder_version=\u00bb4.24.2&#8243; _module_preset=\u00bbdefault\u00bb global_colors_info=\u00bb{}\u00bb][\/et_pb_contact_field][et_pb_contact_field field_id=\u00bbMove_in_date\u00bb field_title=\u00bbFecha de traslado\u00bb field_type=\u00bbselect\u00bb select_options=\u00bb%91{%22value%22:%22En menos de un mes%22,%22checked%22:0,%22dragID%22:0},{%22value%22:%22En m\u00e1s de un mes%22,%22checked%22:0,%22dragID%22:1}%93&#8243; _builder_version=\u00bb4.26.0&#8243; _module_preset=\u00bbdefault\u00bb global_colors_info=\u00bb{}\u00bb][\/et_pb_contact_field][et_pb_contact_field field_id=\u00bbCountry\u00bb field_title=\u00bbPa\u00eds\u00bb max_length=\u00bb30&#8243; allowed_symbols=\u00bbletters\u00bb required_mark=\u00bboff\u00bb _builder_version=\u00bb4.24.2&#8243; _module_preset=\u00bbdefault\u00bb global_colors_info=\u00bb{}\u00bb][\/et_pb_contact_field][et_pb_contact_field field_id=\u00bbLength_of_contract\u00bb field_title=\u00bbDuraci\u00f3n del contrato\u00bb field_type=\u00bbselect\u00bb select_options=\u00bb%91{%22value%22:%22De 6 a 12 meses%22,%22checked%22:0,%22dragID%22:-1},{%22value%22:%22Un a\u00f1o  %22,%22checked%22:0,%22dragID%22:0},{%22value%22:%22M\u00e1s de un a\u00f1o%22,%22checked%22:0,%22dragID%22:1}%93&#8243; _builder_version=\u00bb4.26.0&#8243; _module_preset=\u00bbdefault\u00bb global_colors_info=\u00bb{}\u00bb][\/et_pb_contact_field][et_pb_contact_field field_id=\u00bbNumber_of_adults\u00bb field_title=\u00bbN\u00famero de adultos\u00bb field_type=\u00bbselect\u00bb select_options=\u00bb%91{%22value%22:%221%22,%22checked%22:0,%22dragID%22:-1},{%22value%22:%222%22,%22checked%22:0,%22dragID%22:0},{%22value%22:%223%22,%22checked%22:0,%22dragID%22:1},{%22value%22:%224%22,%22checked%22:0,%22dragID%22:2}%93&#8243; _builder_version=\u00bb4.26.0&#8243; _module_preset=\u00bbdefault\u00bb global_colors_info=\u00bb{}\u00bb][\/et_pb_contact_field][et_pb_contact_field field_id=\u00bbChildren\u00bb field_title=\u00bbNi\u00f1os\u00bb field_type=\u00bbselect\u00bb select_options=\u00bb%91{%22value%22:%22No tengo hijos%22,%22checked%22:0,%22dragID%22:-1},{%22value%22:%22Tengo un hijo%22,%22checked%22:0,%22dragID%22:0},{%22value%22:%22Tengo m\u00e1s de un hijo%22,%22checked%22:0,%22dragID%22:1}%93&#8243; _builder_version=\u00bb4.26.0&#8243; _module_preset=\u00bbdefault\u00bb global_colors_info=\u00bb{}\u00bb][\/et_pb_contact_field][et_pb_contact_field field_id=\u00bbMessage\u00bb field_title=\u00bbMensaje\u00bb field_type=\u00bbtext\u00bb fullwidth_field=\u00bbon\u00bb _builder_version=\u00bb4.25.1&#8243; global_colors_info=\u00bb{}\u00bb button_text_size__hover_enabled=\u00bboff\u00bb button_one_text_size__hover_enabled=\u00bboff\u00bb button_two_text_size__hover_enabled=\u00bboff\u00bb button_text_color__hover_enabled=\u00bboff\u00bb button_one_text_color__hover_enabled=\u00bboff\u00bb button_two_text_color__hover_enabled=\u00bboff\u00bb button_border_width__hover_enabled=\u00bboff\u00bb button_one_border_width__hover_enabled=\u00bboff\u00bb button_two_border_width__hover_enabled=\u00bboff\u00bb button_border_color__hover_enabled=\u00bboff\u00bb button_one_border_color__hover_enabled=\u00bboff\u00bb button_two_border_color__hover_enabled=\u00bboff\u00bb button_border_radius__hover_enabled=\u00bboff\u00bb button_one_border_radius__hover_enabled=\u00bboff\u00bb button_two_border_radius__hover_enabled=\u00bboff\u00bb button_letter_spacing__hover_enabled=\u00bboff\u00bb button_one_letter_spacing__hover_enabled=\u00bboff\u00bb button_two_letter_spacing__hover_enabled=\u00bboff\u00bb button_bg_color__hover_enabled=\u00bboff\u00bb button_one_bg_color__hover_enabled=\u00bboff\u00bb button_two_bg_color__hover_enabled=\u00bboff\u00bb][\/et_pb_contact_field][\/et_pb_contact_form][\/et_pb_column][\/et_pb_row][\/et_pb_section]<\/p>\n","protected":false},"excerpt":{"rendered":"<p>Sede del Motel Richard&#8217;s 1219 South Federal Hwy, Hollywood 33020 FL, EE.UU. Ll\u00e1menos desde el extranjero: Tel : +1-954-921-6418Fax : +1-954-925-1797O env\u00edenos un mensaje<\/p>\n","protected":false},"author":1,"featured_media":0,"parent":0,"menu_order":0,"comment_status":"closed","ping_status":"closed","template":"","meta":{"_et_pb_use_builder":"on","_et_pb_old_content":"","_et_gb_content_width":"","_monsterinsights_skip_tracking":false,"_monsterinsights_sitenote_active":false,"_monsterinsights_sitenote_note":"","_monsterinsights_sitenote_category":0,"_uf_show_specific_survey":0,"_uf_disable_surveys":false,"footnotes":""},"class_list":["post-3677","page","type-page","status-publish","hentry"],"yoast_head":"<!-- This site is optimized with the Yoast SEO plugin v27.3 - https:\/\/yoast.com\/product\/yoast-seo-wordpress\/ -->\n<title>Cont\u00e1ctenos - Richard&#039;s Long Term Rental<\/title>\n<meta name=\"robots\" content=\"index, follow, max-snippet:-1, max-image-preview:large, max-video-preview:-1\" \/>\n<link rel=\"canonical\" href=\"https:\/\/richardsapartments.com\/es\/contactenos\/\" \/>\n<meta property=\"og:locale\" content=\"es_ES\" \/>\n<meta property=\"og:type\" content=\"article\" \/>\n<meta property=\"og:title\" content=\"Cont\u00e1ctenos - Richard&#039;s Long Term Rental\" \/>\n<meta property=\"og:description\" content=\"Sede del Motel Richard&#039;s 1219 South Federal Hwy, Hollywood 33020 FL, EE.UU. Ll\u00e1menos desde el extranjero: Tel : +1-954-921-6418Fax : +1-954-925-1797O env\u00edenos un mensaje\" \/>\n<meta property=\"og:url\" content=\"https:\/\/richardsapartments.com\/es\/contactenos\/\" \/>\n<meta property=\"og:site_name\" content=\"Richard&#039;s Long Term Rental\" \/>\n<meta property=\"article:publisher\" content=\"https:\/\/www.facebook.com\/FamilyofLodgingsHollywoodFlorida\/\" \/>\n<meta property=\"article:modified_time\" content=\"2025-03-06T23:52:58+00:00\" \/>\n<meta name=\"twitter:card\" content=\"summary_large_image\" \/>\n<meta name=\"twitter:label1\" content=\"Tiempo de lectura\" \/>\n\t<meta name=\"twitter:data1\" content=\"1 minuto\" \/>\n<script type=\"application\/ld+json\" class=\"yoast-schema-graph\">{\"@context\":\"https:\\\/\\\/schema.org\",\"@graph\":[{\"@type\":\"WebPage\",\"@id\":\"https:\\\/\\\/richardsapartments.com\\\/es\\\/contactenos\\\/\",\"url\":\"https:\\\/\\\/richardsapartments.com\\\/es\\\/contactenos\\\/\",\"name\":\"Cont\u00e1ctenos - Richard&#039;s Long Term Rental\",\"isPartOf\":{\"@id\":\"https:\\\/\\\/richardsapartments.com\\\/es\\\/#website\"},\"datePublished\":\"2024-09-02T13:01:13+00:00\",\"dateModified\":\"2025-03-06T23:52:58+00:00\",\"breadcrumb\":{\"@id\":\"https:\\\/\\\/richardsapartments.com\\\/es\\\/contactenos\\\/#breadcrumb\"},\"inLanguage\":\"es\",\"potentialAction\":[{\"@type\":\"ReadAction\",\"target\":[\"https:\\\/\\\/richardsapartments.com\\\/es\\\/contactenos\\\/\"]}]},{\"@type\":\"BreadcrumbList\",\"@id\":\"https:\\\/\\\/richardsapartments.com\\\/es\\\/contactenos\\\/#breadcrumb\",\"itemListElement\":[{\"@type\":\"ListItem\",\"position\":1,\"name\":\"Home\",\"item\":\"https:\\\/\\\/richardsapartments.com\\\/es\\\/\"},{\"@type\":\"ListItem\",\"position\":2,\"name\":\"Cont\u00e1ctenos\"}]},{\"@type\":\"WebSite\",\"@id\":\"https:\\\/\\\/richardsapartments.com\\\/es\\\/#website\",\"url\":\"https:\\\/\\\/richardsapartments.com\\\/es\\\/\",\"name\":\"Richard's Motel Extended Stay\",\"description\":\"\",\"publisher\":{\"@id\":\"https:\\\/\\\/richardsapartments.com\\\/es\\\/#organization\"},\"potentialAction\":[{\"@type\":\"SearchAction\",\"target\":{\"@type\":\"EntryPoint\",\"urlTemplate\":\"https:\\\/\\\/richardsapartments.com\\\/es\\\/?s={search_term_string}\"},\"query-input\":{\"@type\":\"PropertyValueSpecification\",\"valueRequired\":true,\"valueName\":\"search_term_string\"}}],\"inLanguage\":\"es\"},{\"@type\":\"Organization\",\"@id\":\"https:\\\/\\\/richardsapartments.com\\\/es\\\/#organization\",\"name\":\"Richard's Motel Extended Stay\",\"url\":\"https:\\\/\\\/richardsapartments.com\\\/es\\\/\",\"logo\":{\"@type\":\"ImageObject\",\"inLanguage\":\"es\",\"@id\":\"https:\\\/\\\/richardsapartments.com\\\/es\\\/#\\\/schema\\\/logo\\\/image\\\/\",\"url\":\"https:\\\/\\\/richardsmotelextendedstay.com\\\/wp-content\\\/uploads\\\/2024\\\/05\\\/Logo-Extended-Stay-Slider.png\",\"contentUrl\":\"https:\\\/\\\/richardsmotelextendedstay.com\\\/wp-content\\\/uploads\\\/2024\\\/05\\\/Logo-Extended-Stay-Slider.png\",\"width\":300,\"height\":238,\"caption\":\"Richard's Motel Extended Stay\"},\"image\":{\"@id\":\"https:\\\/\\\/richardsapartments.com\\\/es\\\/#\\\/schema\\\/logo\\\/image\\\/\"},\"sameAs\":[\"https:\\\/\\\/www.facebook.com\\\/FamilyofLodgingsHollywoodFlorida\\\/\"]}]}<\/script>\n<!-- \/ Yoast SEO plugin. -->","yoast_head_json":{"title":"Cont\u00e1ctenos - Richard&#039;s Long Term Rental","robots":{"index":"index","follow":"follow","max-snippet":"max-snippet:-1","max-image-preview":"max-image-preview:large","max-video-preview":"max-video-preview:-1"},"canonical":"https:\/\/richardsapartments.com\/es\/contactenos\/","og_locale":"es_ES","og_type":"article","og_title":"Cont\u00e1ctenos - Richard&#039;s Long Term Rental","og_description":"Sede del Motel Richard's 1219 South Federal Hwy, Hollywood 33020 FL, EE.UU. Ll\u00e1menos desde el extranjero: Tel : +1-954-921-6418Fax : +1-954-925-1797O env\u00edenos un mensaje","og_url":"https:\/\/richardsapartments.com\/es\/contactenos\/","og_site_name":"Richard&#039;s Long Term Rental","article_publisher":"https:\/\/www.facebook.com\/FamilyofLodgingsHollywoodFlorida\/","article_modified_time":"2025-03-06T23:52:58+00:00","twitter_card":"summary_large_image","twitter_misc":{"Tiempo de lectura":"1 minuto"},"schema":{"@context":"https:\/\/schema.org","@graph":[{"@type":"WebPage","@id":"https:\/\/richardsapartments.com\/es\/contactenos\/","url":"https:\/\/richardsapartments.com\/es\/contactenos\/","name":"Cont\u00e1ctenos - Richard&#039;s Long Term Rental","isPartOf":{"@id":"https:\/\/richardsapartments.com\/es\/#website"},"datePublished":"2024-09-02T13:01:13+00:00","dateModified":"2025-03-06T23:52:58+00:00","breadcrumb":{"@id":"https:\/\/richardsapartments.com\/es\/contactenos\/#breadcrumb"},"inLanguage":"es","potentialAction":[{"@type":"ReadAction","target":["https:\/\/richardsapartments.com\/es\/contactenos\/"]}]},{"@type":"BreadcrumbList","@id":"https:\/\/richardsapartments.com\/es\/contactenos\/#breadcrumb","itemListElement":[{"@type":"ListItem","position":1,"name":"Home","item":"https:\/\/richardsapartments.com\/es\/"},{"@type":"ListItem","position":2,"name":"Cont\u00e1ctenos"}]},{"@type":"WebSite","@id":"https:\/\/richardsapartments.com\/es\/#website","url":"https:\/\/richardsapartments.com\/es\/","name":"Richard's Motel Extended Stay","description":"","publisher":{"@id":"https:\/\/richardsapartments.com\/es\/#organization"},"potentialAction":[{"@type":"SearchAction","target":{"@type":"EntryPoint","urlTemplate":"https:\/\/richardsapartments.com\/es\/?s={search_term_string}"},"query-input":{"@type":"PropertyValueSpecification","valueRequired":true,"valueName":"search_term_string"}}],"inLanguage":"es"},{"@type":"Organization","@id":"https:\/\/richardsapartments.com\/es\/#organization","name":"Richard's Motel Extended Stay","url":"https:\/\/richardsapartments.com\/es\/","logo":{"@type":"ImageObject","inLanguage":"es","@id":"https:\/\/richardsapartments.com\/es\/#\/schema\/logo\/image\/","url":"https:\/\/richardsmotelextendedstay.com\/wp-content\/uploads\/2024\/05\/Logo-Extended-Stay-Slider.png","contentUrl":"https:\/\/richardsmotelextendedstay.com\/wp-content\/uploads\/2024\/05\/Logo-Extended-Stay-Slider.png","width":300,"height":238,"caption":"Richard's Motel Extended Stay"},"image":{"@id":"https:\/\/richardsapartments.com\/es\/#\/schema\/logo\/image\/"},"sameAs":["https:\/\/www.facebook.com\/FamilyofLodgingsHollywoodFlorida\/"]}]}},"_links":{"self":[{"href":"https:\/\/richardsapartments.com\/es\/wp-json\/wp\/v2\/pages\/3677","targetHints":{"allow":["GET"]}}],"collection":[{"href":"https:\/\/richardsapartments.com\/es\/wp-json\/wp\/v2\/pages"}],"about":[{"href":"https:\/\/richardsapartments.com\/es\/wp-json\/wp\/v2\/types\/page"}],"author":[{"embeddable":true,"href":"https:\/\/richardsapartments.com\/es\/wp-json\/wp\/v2\/users\/1"}],"replies":[{"embeddable":true,"href":"https:\/\/richardsapartments.com\/es\/wp-json\/wp\/v2\/comments?post=3677"}],"version-history":[{"count":5,"href":"https:\/\/richardsapartments.com\/es\/wp-json\/wp\/v2\/pages\/3677\/revisions"}],"predecessor-version":[{"id":3831,"href":"https:\/\/richardsapartments.com\/es\/wp-json\/wp\/v2\/pages\/3677\/revisions\/3831"}],"wp:attachment":[{"href":"https:\/\/richardsapartments.com\/es\/wp-json\/wp\/v2\/media?parent=3677"}],"curies":[{"name":"wp","href":"https:\/\/api.w.org\/{rel}","templated":true}]}}