{"id":3692,"date":"2024-09-02T13:15:32","date_gmt":"2024-09-02T13:15:32","guid":{"rendered":"https:\/\/dev.richardsapartments.com\/acerca-de-los-alquileres-anuales-de-richards-apartments\/"},"modified":"2024-09-10T14:18:32","modified_gmt":"2024-09-10T14:18:32","slug":"acerca-de-los-alquileres-anuales-de-richards-apartments","status":"publish","type":"page","link":"https:\/\/richardsapartments.com\/es\/acerca-de-los-alquileres-anuales-de-richards-apartments\/","title":{"rendered":"Acerca de los alquileres anuales de Richard&#8217;s Apartments"},"content":{"rendered":"<p>[et_pb_section fb_built=\u00bb1&#8243; _builder_version=\u00bb4.23.1&#8243; _module_preset=\u00bbdefault\u00bb locked=\u00bboff\u00bb global_colors_info=\u00bb{}\u00bb][et_pb_row _builder_version=\u00bb4.24.0&#8243; _module_preset=\u00bbdefault\u00bb custom_margin=\u00bb40px||||false|false\u00bb global_colors_info=\u00bb{}\u00bb][et_pb_column type=\u00bb4_4&#8243; _builder_version=\u00bb4.23.1&#8243; _module_preset=\u00bbdefault\u00bb global_colors_info=\u00bb{}\u00bb][et_pb_text _builder_version=\u00bb4.27.0&#8243; _module_preset=\u00bbdefault\u00bb header_3_font=\u00bbABeeZee||||||||\u00bb header_3_text_color=\u00bb#7fbf00&#8243; hover_enabled=\u00bb0&#8243; global_colors_info=\u00bb{}\u00bb sticky_enabled=\u00bb0&#8243;]<\/p>\n<p>\u00a1Bienvenido al Alquiler Anual de Apartamentos Richard!<\/p>\n<p>Richard, especialista en alquileres de corta duraci\u00f3n desde hace 35 a\u00f1os en Hollywood y la playa de Halladale, te ofrece ahora muchas propiedades en alquiler anual de larga duraci\u00f3n.<\/p>\n<p>Sum\u00e9rgete en un mundo de comodidad con nuestras propiedades estrat\u00e9gicamente situadas cerca de autopistas, bulevares, casinos, playas, aeropuertos, puertos mar\u00edtimos, restaurantes, entretenimiento y tiendas en el sur de Florida.<\/p>\n<p>Cada propiedad es diferente, pero todas han sido renovadas muy bien con personal profesional y te ofrecen todo lo que necesitas para una buena estancia:<\/p>\n<ul>\n<li>Gran terreno con \u00e1rboles y zona de recreo<\/li>\n<li>Barbacoa y mesas de picnic<\/li>\n<li>Lavander\u00eda con lavadora y secadora (2,50 $)<\/li>\n<li>CCTV en la mayor\u00eda de las viviendas<\/li>\n<\/ul>\n<p>Experimenta la mezcla perfecta de comodidad y accesibilidad con nuestros alquileres anuales.<\/p>\n<p>[\/et_pb_text][\/et_pb_column][\/et_pb_row][\/et_pb_section]<\/p>\n","protected":false},"excerpt":{"rendered":"<p>\u00a1Bienvenido al Alquiler Anual de Apartamentos Richard! Richard, especialista en alquileres de corta duraci\u00f3n desde hace 35 a\u00f1os en Hollywood y la playa de Halladale, te ofrece ahora muchas propiedades en alquiler anual de larga duraci\u00f3n. Sum\u00e9rgete en un mundo de comodidad con nuestras propiedades estrat\u00e9gicamente situadas cerca de autopistas, bulevares, casinos, playas, aeropuertos, puertos [&hellip;]<\/p>\n","protected":false},"author":1,"featured_media":0,"parent":0,"menu_order":0,"comment_status":"closed","ping_status":"closed","template":"","meta":{"_et_pb_use_builder":"on","_et_pb_old_content":"","_et_gb_content_width":"","_monsterinsights_skip_tracking":false,"_monsterinsights_sitenote_active":false,"_monsterinsights_sitenote_note":"","_monsterinsights_sitenote_category":0,"_uf_show_specific_survey":0,"_uf_disable_surveys":false,"footnotes":""},"class_list":["post-3692","page","type-page","status-publish","hentry"],"yoast_head":"<!-- This site is optimized with the Yoast SEO plugin v27.3 - https:\/\/yoast.com\/product\/yoast-seo-wordpress\/ -->\n<title>Acerca de los alquileres anuales de Richard&#039;s Apartments - Richard&#039;s Long Term Rental<\/title>\n<meta name=\"robots\" content=\"index, follow, max-snippet:-1, max-image-preview:large, max-video-preview:-1\" \/>\n<link rel=\"canonical\" href=\"https:\/\/richardsapartments.com\/es\/acerca-de-los-alquileres-anuales-de-richards-apartments\/\" \/>\n<meta property=\"og:locale\" content=\"es_ES\" \/>\n<meta property=\"og:type\" content=\"article\" \/>\n<meta property=\"og:title\" content=\"Acerca de los alquileres anuales de Richard&#039;s Apartments - Richard&#039;s Long Term Rental\" \/>\n<meta property=\"og:description\" content=\"\u00a1Bienvenido al Alquiler Anual de Apartamentos Richard! Richard, especialista en alquileres de corta duraci\u00f3n desde hace 35 a\u00f1os en Hollywood y la playa de Halladale, te ofrece ahora muchas propiedades en alquiler anual de larga duraci\u00f3n. Sum\u00e9rgete en un mundo de comodidad con nuestras propiedades estrat\u00e9gicamente situadas cerca de autopistas, bulevares, casinos, playas, aeropuertos, puertos [&hellip;]\" \/>\n<meta property=\"og:url\" content=\"https:\/\/richardsapartments.com\/es\/acerca-de-los-alquileres-anuales-de-richards-apartments\/\" \/>\n<meta property=\"og:site_name\" content=\"Richard&#039;s Long Term Rental\" \/>\n<meta property=\"article:publisher\" content=\"https:\/\/www.facebook.com\/FamilyofLodgingsHollywoodFlorida\/\" \/>\n<meta property=\"article:modified_time\" content=\"2024-09-10T14:18:32+00:00\" \/>\n<meta name=\"twitter:card\" content=\"summary_large_image\" \/>\n<meta name=\"twitter:label1\" content=\"Tiempo de lectura\" \/>\n\t<meta name=\"twitter:data1\" content=\"1 minuto\" \/>\n<script type=\"application\/ld+json\" class=\"yoast-schema-graph\">{\"@context\":\"https:\\\/\\\/schema.org\",\"@graph\":[{\"@type\":\"WebPage\",\"@id\":\"https:\\\/\\\/richardsapartments.com\\\/es\\\/acerca-de-los-alquileres-anuales-de-richards-apartments\\\/\",\"url\":\"https:\\\/\\\/richardsapartments.com\\\/es\\\/acerca-de-los-alquileres-anuales-de-richards-apartments\\\/\",\"name\":\"Acerca de los alquileres anuales de Richard's Apartments - Richard&#039;s Long Term Rental\",\"isPartOf\":{\"@id\":\"https:\\\/\\\/richardsapartments.com\\\/es\\\/#website\"},\"datePublished\":\"2024-09-02T13:15:32+00:00\",\"dateModified\":\"2024-09-10T14:18:32+00:00\",\"breadcrumb\":{\"@id\":\"https:\\\/\\\/richardsapartments.com\\\/es\\\/acerca-de-los-alquileres-anuales-de-richards-apartments\\\/#breadcrumb\"},\"inLanguage\":\"es\",\"potentialAction\":[{\"@type\":\"ReadAction\",\"target\":[\"https:\\\/\\\/richardsapartments.com\\\/es\\\/acerca-de-los-alquileres-anuales-de-richards-apartments\\\/\"]}]},{\"@type\":\"BreadcrumbList\",\"@id\":\"https:\\\/\\\/richardsapartments.com\\\/es\\\/acerca-de-los-alquileres-anuales-de-richards-apartments\\\/#breadcrumb\",\"itemListElement\":[{\"@type\":\"ListItem\",\"position\":1,\"name\":\"Home\",\"item\":\"https:\\\/\\\/richardsapartments.com\\\/es\\\/\"},{\"@type\":\"ListItem\",\"position\":2,\"name\":\"Acerca de los alquileres anuales de Richard&#8217;s Apartments\"}]},{\"@type\":\"WebSite\",\"@id\":\"https:\\\/\\\/richardsapartments.com\\\/es\\\/#website\",\"url\":\"https:\\\/\\\/richardsapartments.com\\\/es\\\/\",\"name\":\"Richard's Motel Extended Stay\",\"description\":\"\",\"publisher\":{\"@id\":\"https:\\\/\\\/richardsapartments.com\\\/es\\\/#organization\"},\"potentialAction\":[{\"@type\":\"SearchAction\",\"target\":{\"@type\":\"EntryPoint\",\"urlTemplate\":\"https:\\\/\\\/richardsapartments.com\\\/es\\\/?s={search_term_string}\"},\"query-input\":{\"@type\":\"PropertyValueSpecification\",\"valueRequired\":true,\"valueName\":\"search_term_string\"}}],\"inLanguage\":\"es\"},{\"@type\":\"Organization\",\"@id\":\"https:\\\/\\\/richardsapartments.com\\\/es\\\/#organization\",\"name\":\"Richard's Motel Extended Stay\",\"url\":\"https:\\\/\\\/richardsapartments.com\\\/es\\\/\",\"logo\":{\"@type\":\"ImageObject\",\"inLanguage\":\"es\",\"@id\":\"https:\\\/\\\/richardsapartments.com\\\/es\\\/#\\\/schema\\\/logo\\\/image\\\/\",\"url\":\"https:\\\/\\\/richardsmotelextendedstay.com\\\/wp-content\\\/uploads\\\/2024\\\/05\\\/Logo-Extended-Stay-Slider.png\",\"contentUrl\":\"https:\\\/\\\/richardsmotelextendedstay.com\\\/wp-content\\\/uploads\\\/2024\\\/05\\\/Logo-Extended-Stay-Slider.png\",\"width\":300,\"height\":238,\"caption\":\"Richard's Motel Extended Stay\"},\"image\":{\"@id\":\"https:\\\/\\\/richardsapartments.com\\\/es\\\/#\\\/schema\\\/logo\\\/image\\\/\"},\"sameAs\":[\"https:\\\/\\\/www.facebook.com\\\/FamilyofLodgingsHollywoodFlorida\\\/\"]}]}<\/script>\n<!-- \/ Yoast SEO plugin. -->","yoast_head_json":{"title":"Acerca de los alquileres anuales de Richard's Apartments - Richard&#039;s Long Term Rental","robots":{"index":"index","follow":"follow","max-snippet":"max-snippet:-1","max-image-preview":"max-image-preview:large","max-video-preview":"max-video-preview:-1"},"canonical":"https:\/\/richardsapartments.com\/es\/acerca-de-los-alquileres-anuales-de-richards-apartments\/","og_locale":"es_ES","og_type":"article","og_title":"Acerca de los alquileres anuales de Richard's Apartments - Richard&#039;s Long Term Rental","og_description":"\u00a1Bienvenido al Alquiler Anual de Apartamentos Richard! Richard, especialista en alquileres de corta duraci\u00f3n desde hace 35 a\u00f1os en Hollywood y la playa de Halladale, te ofrece ahora muchas propiedades en alquiler anual de larga duraci\u00f3n. Sum\u00e9rgete en un mundo de comodidad con nuestras propiedades estrat\u00e9gicamente situadas cerca de autopistas, bulevares, casinos, playas, aeropuertos, puertos [&hellip;]","og_url":"https:\/\/richardsapartments.com\/es\/acerca-de-los-alquileres-anuales-de-richards-apartments\/","og_site_name":"Richard&#039;s Long Term Rental","article_publisher":"https:\/\/www.facebook.com\/FamilyofLodgingsHollywoodFlorida\/","article_modified_time":"2024-09-10T14:18:32+00:00","twitter_card":"summary_large_image","twitter_misc":{"Tiempo de lectura":"1 minuto"},"schema":{"@context":"https:\/\/schema.org","@graph":[{"@type":"WebPage","@id":"https:\/\/richardsapartments.com\/es\/acerca-de-los-alquileres-anuales-de-richards-apartments\/","url":"https:\/\/richardsapartments.com\/es\/acerca-de-los-alquileres-anuales-de-richards-apartments\/","name":"Acerca de los alquileres anuales de Richard's Apartments - Richard&#039;s Long Term Rental","isPartOf":{"@id":"https:\/\/richardsapartments.com\/es\/#website"},"datePublished":"2024-09-02T13:15:32+00:00","dateModified":"2024-09-10T14:18:32+00:00","breadcrumb":{"@id":"https:\/\/richardsapartments.com\/es\/acerca-de-los-alquileres-anuales-de-richards-apartments\/#breadcrumb"},"inLanguage":"es","potentialAction":[{"@type":"ReadAction","target":["https:\/\/richardsapartments.com\/es\/acerca-de-los-alquileres-anuales-de-richards-apartments\/"]}]},{"@type":"BreadcrumbList","@id":"https:\/\/richardsapartments.com\/es\/acerca-de-los-alquileres-anuales-de-richards-apartments\/#breadcrumb","itemListElement":[{"@type":"ListItem","position":1,"name":"Home","item":"https:\/\/richardsapartments.com\/es\/"},{"@type":"ListItem","position":2,"name":"Acerca de los alquileres anuales de Richard&#8217;s Apartments"}]},{"@type":"WebSite","@id":"https:\/\/richardsapartments.com\/es\/#website","url":"https:\/\/richardsapartments.com\/es\/","name":"Richard's Motel Extended Stay","description":"","publisher":{"@id":"https:\/\/richardsapartments.com\/es\/#organization"},"potentialAction":[{"@type":"SearchAction","target":{"@type":"EntryPoint","urlTemplate":"https:\/\/richardsapartments.com\/es\/?s={search_term_string}"},"query-input":{"@type":"PropertyValueSpecification","valueRequired":true,"valueName":"search_term_string"}}],"inLanguage":"es"},{"@type":"Organization","@id":"https:\/\/richardsapartments.com\/es\/#organization","name":"Richard's Motel Extended Stay","url":"https:\/\/richardsapartments.com\/es\/","logo":{"@type":"ImageObject","inLanguage":"es","@id":"https:\/\/richardsapartments.com\/es\/#\/schema\/logo\/image\/","url":"https:\/\/richardsmotelextendedstay.com\/wp-content\/uploads\/2024\/05\/Logo-Extended-Stay-Slider.png","contentUrl":"https:\/\/richardsmotelextendedstay.com\/wp-content\/uploads\/2024\/05\/Logo-Extended-Stay-Slider.png","width":300,"height":238,"caption":"Richard's Motel Extended Stay"},"image":{"@id":"https:\/\/richardsapartments.com\/es\/#\/schema\/logo\/image\/"},"sameAs":["https:\/\/www.facebook.com\/FamilyofLodgingsHollywoodFlorida\/"]}]}},"_links":{"self":[{"href":"https:\/\/richardsapartments.com\/es\/wp-json\/wp\/v2\/pages\/3692","targetHints":{"allow":["GET"]}}],"collection":[{"href":"https:\/\/richardsapartments.com\/es\/wp-json\/wp\/v2\/pages"}],"about":[{"href":"https:\/\/richardsapartments.com\/es\/wp-json\/wp\/v2\/types\/page"}],"author":[{"embeddable":true,"href":"https:\/\/richardsapartments.com\/es\/wp-json\/wp\/v2\/users\/1"}],"replies":[{"embeddable":true,"href":"https:\/\/richardsapartments.com\/es\/wp-json\/wp\/v2\/comments?post=3692"}],"version-history":[{"count":4,"href":"https:\/\/richardsapartments.com\/es\/wp-json\/wp\/v2\/pages\/3692\/revisions"}],"predecessor-version":[{"id":3760,"href":"https:\/\/richardsapartments.com\/es\/wp-json\/wp\/v2\/pages\/3692\/revisions\/3760"}],"wp:attachment":[{"href":"https:\/\/richardsapartments.com\/es\/wp-json\/wp\/v2\/media?parent=3692"}],"curies":[{"name":"wp","href":"https:\/\/api.w.org\/{rel}","templated":true}]}}